{"id":2,"date":"2026-04-04T06:23:06","date_gmt":"2026-04-04T06:23:06","guid":{"rendered":"http:\/\/wweb.czcz\/www\/?page_id=2"},"modified":"2026-04-04T13:20:48","modified_gmt":"2026-04-04T13:20:48","slug":"sample-page","status":"publish","type":"page","link":"https:\/\/wweb.cz\/","title":{"rendered":"Ondra Rube\u0161"},"content":{"rendered":"<p><!--themify_builder_static--><\/p>\n<h2 style=\"text-align: center;\"><strong>Vytvo\u0159en\u00ed webov\u00fdch str\u00e1nek<\/strong><\/h2>\n<p style=\"text-align: center;\">Nab\u00edz\u00edm slu\u017eby vytvo\u0159en\u00ed a spravov\u00e1n\u00ed webov\u00fdch str\u00e1nek podle va\u0161ich p\u0159edstav<\/p>\n<p style=\"text-align: center;\">Chyst\u00e1te se ke sv\u00e9 \u010dinnosti vytvo\u0159it web a zva\u017eujete mo\u017enosti ?<\/p>\n<p style=\"text-align: center;\">Napi\u0161te mi, r\u00e1d odpov\u00edm na va\u0161e dotazy<\/p>\n<p>e-mail: <a href=\"mailto:ondrejrubes@gmail.com\">ondrejrubes@gmail.com<\/a><\/p>\n<p>tel.: <a href=\"tel:+420724805032\">+420 724 805 032<\/a> (mo\u017eno i WhatsApp)<\/p>\n<p><a href=\"https:\/\/www.facebook.com\/ondrej.rubes\" target=\"_blank\" rel=\"noopener\">facebook<\/a><\/p>\n<p>\u00a0<\/p>\n<p style=\"text-align: center;\"><strong>Tento web je pr\u00e1v\u011b v procesu vytv\u00e1\u0159en\u00ed<\/strong><\/p>\n<p><!--\/themify_builder_static--><\/p>\n","protected":false},"excerpt":{"rendered":"<p>Vytvo\u0159en\u00ed webov\u00fdch str\u00e1nek Nab\u00edz\u00edm slu\u017eby vytvo\u0159en\u00ed a spravov\u00e1n\u00ed webov\u00fdch str\u00e1nek podle va\u0161ich p\u0159edstav Chyst\u00e1te se ke sv\u00e9 \u010dinnosti vytvo\u0159it web a zva\u017eujete mo\u017enosti ? Napi\u0161te mi, r\u00e1d odpov\u00edm na va\u0161e dotazy e-mail: ondrejrubes@gmail.com tel.: +420 724 805 032 (mo\u017eno i WhatsApp) facebook \u00a0 Tento web je pr\u00e1v\u011b v procesu vytv\u00e1\u0159en\u00ed<\/p>\n","protected":false},"author":1,"featured_media":0,"parent":0,"menu_order":0,"comment_status":"closed","ping_status":"open","template":"","meta":{"footnotes":""},"class_list":["post-2","page","type-page","status-publish","hentry","has-post-title","has-post-date","has-post-category","has-post-tag","has-post-comment","has-post-author",""],"_links":{"self":[{"href":"https:\/\/wweb.cz\/index.php?rest_route=\/wp\/v2\/pages\/2","targetHints":{"allow":["GET"]}}],"collection":[{"href":"https:\/\/wweb.cz\/index.php?rest_route=\/wp\/v2\/pages"}],"about":[{"href":"https:\/\/wweb.cz\/index.php?rest_route=\/wp\/v2\/types\/page"}],"author":[{"embeddable":true,"href":"https:\/\/wweb.cz\/index.php?rest_route=\/wp\/v2\/users\/1"}],"replies":[{"embeddable":true,"href":"https:\/\/wweb.cz\/index.php?rest_route=%2Fwp%2Fv2%2Fcomments&post=2"}],"version-history":[{"count":24,"href":"https:\/\/wweb.cz\/index.php?rest_route=\/wp\/v2\/pages\/2\/revisions"}],"predecessor-version":[{"id":40,"href":"https:\/\/wweb.cz\/index.php?rest_route=\/wp\/v2\/pages\/2\/revisions\/40"}],"wp:attachment":[{"href":"https:\/\/wweb.cz\/index.php?rest_route=%2Fwp%2Fv2%2Fmedia&parent=2"}],"curies":[{"name":"wp","href":"https:\/\/api.w.org\/{rel}","templated":true}]}}